{"id":32,"date":"2016-01-28T12:42:24","date_gmt":"2016-01-28T12:42:24","guid":{"rendered":"http:\/\/www.lerialegal.de\/wordpress\/?page_id=32"},"modified":"2016-01-28T13:45:37","modified_gmt":"2016-01-28T13:45:37","slug":"dienstleistungen-in-spanien-fur-rechtsanwalte","status":"publish","type":"page","link":"https:\/\/www.lerialegal.de\/wordpress\/rechtsdienstleistungen\/dienstleistungen-in-spanien-fur-rechtsanwalte\/","title":{"rendered":"Rechtsdienstleistungen f\u00fcr Rechtsanw\u00e4lte"},"content":{"rendered":"<h2>Die Anwaltskanzlei LERIA arbeitet gerne mit Anwaltskollegen und Notaren zusammen<\/h2>\n<p>Abogado (spanischer Anwalt) und Mediator Segundo Ler\u00eda kooperiert seit Jahren regelm\u00e4\u00dfig mit deutschen Rechtsanw\u00e4lten und Fachanw\u00e4lten zusammen. Ferner bestehen regelm\u00e4\u00dfige kooperationen mit Kollegen in Spanien und deutschen Notaren.<\/p>\n<p>Die Anwaltskanzlei LERIA bietet deutschen und ausl\u00e4ndischen Anwaltskollegen sowie Notare eine Zusammenarbeit in den folgenden Bereichen an:<\/p>\n<ul>\n<li><strong>Notare bei der Vorbereitung\u00a0 und\/oder Vollstreckung von Kaufurkunden oder anderen Urkunden mit Rechtswirkungen in Spanien;<\/strong><\/li>\n<li><strong>Geltendmachung von Forderungen und Anspr\u00fcchen<\/strong> gegen\u00fcber Firmen, die in Spanien ans\u00e4ssig sind, sowie gegen\u00fcber Privatpersonen mit Wohnsitz in Spanien;<\/li>\n<li><strong>Vollstreckung\u00a0deutscher Schuldtitel in Spanien<\/strong> (Sie brauchen mir nur den Schuldtitel zu \u00fcbermitteln &#8211; ich veranlasse kurzfristig alle notwendigen Ma\u00dfnahmen);<\/li>\n<li><strong>Wahrnehmung eines Termins<\/strong> (zivil- oder verwaltungsgerichtliche Verhandlung <strong>in Spanien oder in Deutschland<\/strong>; Vertragsverhandlungen mit spanischen Vertragspartnern; Beratungen in spanischem Recht);<\/li>\n<li>Allgemein in Angelegenheiten, in denen das <strong>spanische Recht zur Anwendung kommt<\/strong> bzw. wenn es in Spanien juristisch vorgegangen werden soll;<\/li>\n<li><strong>Puntuelle Dienstleistungen im Bereich des deutschen Rechts<\/strong>: Berechnung der H\u00f6he der verschiedenen Schadenersatzpositionen in<strong> komplexen Schadenersatzf\u00e4llen<\/strong> (insbesondere: Haushaltsf\u00fchrungsschaden, vermehrten Bed\u00fcrfnisse, Verdienstausfallschaden, Barunterhaltsschaden, Schmerzensgeld); <strong>Mitarbeit in komplexen F\u00e4llen im Bereich des Aufenthaltsrechts- und Freiz\u00fcgigkeitsrechts<\/strong> (z.B. Sammlung von Beweismitteln bei Ausweisungen, Mitarbeit bei Klagebegr\u00fcndungen in F\u00e4llen der Versagung von Aufenthalttiteln).<\/li>\n<li>Wenn Sie in Spanien anwaltliche Dienstleistungen erbringen m\u00f6chten und hierbei eine Orientierung ben\u00f6tigen.<\/li>\n<\/ul>\n<p>Mandate werden nach deutschen Qualit\u00e4tsstandards bearbeitet (selbstverst\u00e4ndlich gelten die hohen Anforderungen der deutschen Rechtsprechung an die Sorgfaltspflicht des Anwalts); <strong>abgerechnet wird nach Rechtsanwaltsverg\u00fctungsgesetz<\/strong> &#8211; in F\u00e4llen mit Auslandsbezug besteht <strong>kein Risiko<\/strong> f\u00fcr Sie <strong>nach \u00a7 29 Abs. 1 BORA i.V.m. Ziff. 5.7 der Standesregeln der Rechtsanw\u00e4lte der Europ\u00e4ischen Gemeinschaft (CCBE)! <\/strong><\/p>\n","protected":false},"excerpt":{"rendered":"<p>Die Anwaltskanzlei LERIA arbeitet gerne mit Anwaltskollegen und Notaren zusammen Abogado (spanischer Anwalt) und Mediator Segundo Ler\u00eda kooperiert seit Jahren regelm\u00e4\u00dfig mit deutschen Rechtsanw\u00e4lten und Fachanw\u00e4lten zusammen. Ferner bestehen regelm\u00e4\u00dfige kooperationen mit Kollegen in Spanien und deutschen Notaren. Die Anwaltskanzlei LERIA bietet deutschen und ausl\u00e4ndischen Anwaltskollegen sowie Notare eine Zusammenarbeit in den folgenden Bereichen an: [&hellip;]<\/p>\n","protected":false},"author":1,"featured_media":0,"parent":21,"menu_order":0,"comment_status":"closed","ping_status":"closed","template":"","meta":{"footnotes":""},"class_list":["post-32","page","type-page","status-publish","hentry"],"_links":{"self":[{"href":"https:\/\/www.lerialegal.de\/wordpress\/wp-json\/wp\/v2\/pages\/32","targetHints":{"allow":["GET"]}}],"collection":[{"href":"https:\/\/www.lerialegal.de\/wordpress\/wp-json\/wp\/v2\/pages"}],"about":[{"href":"https:\/\/www.lerialegal.de\/wordpress\/wp-json\/wp\/v2\/types\/page"}],"author":[{"embeddable":true,"href":"https:\/\/www.lerialegal.de\/wordpress\/wp-json\/wp\/v2\/users\/1"}],"replies":[{"embeddable":true,"href":"https:\/\/www.lerialegal.de\/wordpress\/wp-json\/wp\/v2\/comments?post=32"}],"version-history":[{"count":2,"href":"https:\/\/www.lerialegal.de\/wordpress\/wp-json\/wp\/v2\/pages\/32\/revisions"}],"predecessor-version":[{"id":34,"href":"https:\/\/www.lerialegal.de\/wordpress\/wp-json\/wp\/v2\/pages\/32\/revisions\/34"}],"up":[{"embeddable":true,"href":"https:\/\/www.lerialegal.de\/wordpress\/wp-json\/wp\/v2\/pages\/21"}],"wp:attachment":[{"href":"https:\/\/www.lerialegal.de\/wordpress\/wp-json\/wp\/v2\/media?parent=32"}],"curies":[{"name":"wp","href":"https:\/\/api.w.org\/{rel}","templated":true}]}}