{"id":21,"date":"2016-01-28T12:15:08","date_gmt":"2016-01-28T12:15:08","guid":{"rendered":"http:\/\/www.lerialegal.de\/wordpress\/?page_id=21"},"modified":"2016-01-28T13:35:04","modified_gmt":"2016-01-28T13:35:04","slug":"rechtsdienstleistungen","status":"publish","type":"page","link":"https:\/\/www.lerialegal.de\/wordpress\/rechtsdienstleistungen\/","title":{"rendered":"Rechtsdienstleistungen"},"content":{"rendered":"<h2>Willkommen bei LERIA &#8211; Anwaltskanzlei f\u00fcr spanisches und deutsches Recht in Berlin<\/h2>\n<p>Unsere T\u00e4tigkeitsschwerpunkte im Bereich des spanischen Rechts sind:<\/p>\n<ul>\n<li>Spanisches Immobilienrecht<\/li>\n<li>Spanisches Strafrecht<\/li>\n<li>Spanisches Steuerrecht<\/li>\n<li>Spanisches allgemeines Zivilrecht<\/li>\n<li>Spanisches Ausl\u00e4nder- und Freiz\u00fcgigkeitsrechts<\/li>\n<\/ul>\n<p>Unsere T\u00e4tigkeitsschwerpunkte im Bereich des deutschen Rechts sind:<\/p>\n<ul>\n<li>Deutsches Ausl\u00e4nderrecht<\/li>\n<li>Deutsches Freiz\u00fcgigkeitsrecht<\/li>\n<li>Deutsches Schadenersatzrecht<\/li>\n<li>Deutsches allgemeines Zivilrecht<\/li>\n<\/ul>\n<p>&nbsp;<\/p>\n","protected":false},"excerpt":{"rendered":"<p>Willkommen bei LERIA &#8211; Anwaltskanzlei f\u00fcr spanisches und deutsches Recht in Berlin Unsere T\u00e4tigkeitsschwerpunkte im Bereich des spanischen Rechts sind: Spanisches Immobilienrecht Spanisches Strafrecht Spanisches Steuerrecht Spanisches allgemeines Zivilrecht Spanisches Ausl\u00e4nder- und Freiz\u00fcgigkeitsrechts Unsere T\u00e4tigkeitsschwerpunkte im Bereich des deutschen Rechts sind: Deutsches Ausl\u00e4nderrecht Deutsches Freiz\u00fcgigkeitsrecht Deutsches Schadenersatzrecht Deutsches allgemeines Zivilrecht &nbsp;<\/p>\n","protected":false},"author":1,"featured_media":0,"parent":0,"menu_order":0,"comment_status":"closed","ping_status":"closed","template":"","meta":{"footnotes":""},"class_list":["post-21","page","type-page","status-publish","hentry"],"_links":{"self":[{"href":"https:\/\/www.lerialegal.de\/wordpress\/wp-json\/wp\/v2\/pages\/21","targetHints":{"allow":["GET"]}}],"collection":[{"href":"https:\/\/www.lerialegal.de\/wordpress\/wp-json\/wp\/v2\/pages"}],"about":[{"href":"https:\/\/www.lerialegal.de\/wordpress\/wp-json\/wp\/v2\/types\/page"}],"author":[{"embeddable":true,"href":"https:\/\/www.lerialegal.de\/wordpress\/wp-json\/wp\/v2\/users\/1"}],"replies":[{"embeddable":true,"href":"https:\/\/www.lerialegal.de\/wordpress\/wp-json\/wp\/v2\/comments?post=21"}],"version-history":[{"count":3,"href":"https:\/\/www.lerialegal.de\/wordpress\/wp-json\/wp\/v2\/pages\/21\/revisions"}],"predecessor-version":[{"id":26,"href":"https:\/\/www.lerialegal.de\/wordpress\/wp-json\/wp\/v2\/pages\/21\/revisions\/26"}],"wp:attachment":[{"href":"https:\/\/www.lerialegal.de\/wordpress\/wp-json\/wp\/v2\/media?parent=21"}],"curies":[{"name":"wp","href":"https:\/\/api.w.org\/{rel}","templated":true}]}}