{"id":2,"date":"2015-09-16T04:24:25","date_gmt":"2015-09-16T04:24:25","guid":{"rendered":"http:\/\/wp431m.a10-52-158-154.qa.plesk.ru\/wordpress\/?page_id=2"},"modified":"2017-03-13T15:51:30","modified_gmt":"2017-03-13T15:51:30","slug":"spanischer-anwalt-in-berlin","status":"publish","type":"page","link":"https:\/\/www.lerialegal.de\/wordpress\/","title":{"rendered":"Anwaltskanzlei LERIA"},"content":{"rendered":"<h3>Herzlich willkommen auf der Website der Anwaltskanzlei LERIA in Berlin!<\/h3>\n<p>Unsere Anwaltskanzlei in Berlin wurde im Jahr 2010 gegr\u00fcndet. Der Kanzleiinhaber, Abogado \/ Mediator Segundo Ler\u00eda Alix (spanischer Anwalt, Mitglied <a href=\"http:\/\/www.rak-berlin.de\/\">RAK Berlin<\/a>; Mitglied <a href=\"http:\/\/www.icamalaga.es\/\">ICA M\u00e1laga -Spanien-<\/a>) bietet Privatpersonen, Unternehmen und Anwaltskollegen <a href=\"https:\/\/www.lerialegal.de\/wordpress\/rechtsdienstleistungen\">Rechtsdienstleistungen<\/a> mit Bezug auf das spanische Recht an.<\/p>\n<p>Weitere T\u00e4tigkeitsschwerpunkte der Anwaltskanzlei LERIA im Bereich des deutschen Rechts sind das <a href=\"https:\/\/www.lerialegal.de\/wordpress\/rechtsdienstleistungen\/auslander-und-freizugigkeitsrecht\">Ausl\u00e4nderrecht<\/a> (auch das Asylrecht) und das <a href=\"https:\/\/www.lerialegal.de\/wordpress\/rechtsdienstleistungen\/auslander-und-freizugigkeitsrecht\">Freiz\u00fcgigkeitsrecht<\/a> sowie das Schadenersatzrecht.<\/p>\n<p>Unsere Internetpr\u00e4senz auf Spanisch finden Sie unter: <a href=\"http:\/\/www.abogado-berlin.de\" target=\"_blank\">www.abogado-berlin.de<\/a><\/p>\n<hr \/>\n<h3>Bienvenidos a la p\u00e1gina de internet del estudio legal LERIA en Berl\u00edn (Alemania).<\/h3>\n<p>Encontrar\u00e1 informaciones en espa\u00f1ol sobre nuestro bufete de abogados en Berl\u00edn en nuestra p\u00e1gina <a href=\"http:\/\/www.abogado-berlin.de\" target=\"_blank\">www.abogado-berlin.de<\/a><\/p>\n<p>El bufete de abogados LERIA en Berl\u00edn ofrece servicios legales relacionados con el derecho alem\u00e1n y espa\u00f1ol a particulares, empresas y profesionales del derecho (abogados espa\u00f1oles, Rechtsanw\u00e4lte y Notarios).<\/p>\n<p>Desde el a\u00f1o 2010 asesoramos y representamos judicial y extrajudicialmente a clientes en toda Alemania en asuntos relacionados con el derecho alem\u00e1n civil (especialmente en el \u00e1mbito de da\u00f1os a personas o\/y da\u00f1os materiales, exigencias de pago, defensa ante exigencias de pago injustificadas, asuntos judiciales en la jurisdicci\u00f3n civil), derecho alem\u00e1n laboral, derecho alem\u00e1n administrativo (especialmente en los campos del derecho de extranjer\u00eda y libre circulaci\u00f3n de ciudadanos europeos, en los cuales disponemos de amplia experiencia profesional)\u00a0 y tributario. Por supuesto actuamos como abogados tambi\u00e9n en Espa\u00f1a, especialmente en los \u00e1mbitos del derecho inmobiliario, penal y de extranjer\u00eda.<\/p>\n<p>&nbsp;<\/p>\n<p>&nbsp;<\/p>\n<p>&nbsp;<\/p>\n<p>&nbsp;<\/p>\n","protected":false},"excerpt":{"rendered":"<p>Herzlich willkommen auf der Website der Anwaltskanzlei LERIA in Berlin! Unsere Anwaltskanzlei in Berlin wurde im Jahr 2010 gegr\u00fcndet. Der Kanzleiinhaber, Abogado \/ Mediator Segundo Ler\u00eda Alix (spanischer Anwalt, Mitglied RAK Berlin; Mitglied ICA M\u00e1laga -Spanien-) bietet Privatpersonen, Unternehmen und Anwaltskollegen Rechtsdienstleistungen mit Bezug auf das spanische Recht an. Weitere T\u00e4tigkeitsschwerpunkte der Anwaltskanzlei LERIA im [&hellip;]<\/p>\n","protected":false},"author":1,"featured_media":0,"parent":0,"menu_order":0,"comment_status":"closed","ping_status":"closed","template":"","meta":{"footnotes":""},"class_list":["post-2","page","type-page","status-publish","hentry"],"_links":{"self":[{"href":"https:\/\/www.lerialegal.de\/wordpress\/wp-json\/wp\/v2\/pages\/2","targetHints":{"allow":["GET"]}}],"collection":[{"href":"https:\/\/www.lerialegal.de\/wordpress\/wp-json\/wp\/v2\/pages"}],"about":[{"href":"https:\/\/www.lerialegal.de\/wordpress\/wp-json\/wp\/v2\/types\/page"}],"author":[{"embeddable":true,"href":"https:\/\/www.lerialegal.de\/wordpress\/wp-json\/wp\/v2\/users\/1"}],"replies":[{"embeddable":true,"href":"https:\/\/www.lerialegal.de\/wordpress\/wp-json\/wp\/v2\/comments?post=2"}],"version-history":[{"count":12,"href":"https:\/\/www.lerialegal.de\/wordpress\/wp-json\/wp\/v2\/pages\/2\/revisions"}],"predecessor-version":[{"id":125,"href":"https:\/\/www.lerialegal.de\/wordpress\/wp-json\/wp\/v2\/pages\/2\/revisions\/125"}],"wp:attachment":[{"href":"https:\/\/www.lerialegal.de\/wordpress\/wp-json\/wp\/v2\/media?parent=2"}],"curies":[{"name":"wp","href":"https:\/\/api.w.org\/{rel}","templated":true}]}}