{"id":11,"date":"2015-12-23T16:12:50","date_gmt":"2015-12-23T16:12:50","guid":{"rendered":"http:\/\/www.lerialegal.de\/wordpress\/?page_id=11"},"modified":"2024-11-06T13:21:36","modified_gmt":"2024-11-06T13:21:36","slug":"impressum","status":"publish","type":"page","link":"https:\/\/www.lerialegal.de\/wordpress\/impressum\/","title":{"rendered":"Impressum"},"content":{"rendered":"<p><strong>Anbieter der Website<\/strong> www.abogado-berlin.de ist die Anwaltskanzlei LERIA in Berlin, Inh. Segundo Ler\u00eda Alix<\/p>\n<p><strong>Anwaltskanzlei LERIA <\/strong><\/p>\n<p>Abogado Segundo Ler\u00eda Alix<\/p>\n<p>Dircksenstr. 52<br \/>\nD-10178 Berlin-Mitte<\/p>\n<p>www.abogado-berlin.de<\/p>\n<p><strong>Tel.: 0049 30 23 98 78 44<\/strong><\/p>\n<p><strong>Fax: 030 \u2013 311 698 598<\/strong><\/p>\n<p>E-Mail: leria(at)spanischer-anwalt-leria.de<\/p>\n<p>Bei einer unverschl\u00fcsselten Kommunikation per E-Mail sind die \u00fcbermittelten Daten dem Risiko einer nicht vollst\u00e4ndig verschl\u00fcsselten E-Mail-Kommunikation ausgesetzt (keine Ende-zu-Ende-Verschl\u00fcsselung). Wir bieten Ende-zu-Ende-Verschl\u00fcsselung an. Falls Sie eine solche w\u00fcnschen, teilen Sie uns dies bitte (gerne telefonisch) mit.<\/p>\n<p><strong>Weitere Angaben, Kammerzugeh\u00f6rigkeit und Berufsbezeichnung: <\/strong><\/p>\n<p>Abogado Segundo Ler\u00eda Alix ist Mitglied der <a href=\"http:\/\/www.rak-berlin.de\/\">Rechtsanwaltskammer Berlin<\/a>, Littenstr. 9, 10179 Berlin (Deutschland) sowie der <a href=\"http:\/\/www.icamalaga.es\/\">Rechtsanwaltskammer M\u00e1laga<\/a>, Paseo de la Farola, 13, CP-29016, M\u00e1laga (Spanien).<\/p>\n<p><strong>Gesetzliche Berufsbezeichnung:<\/strong> Abogado (Espa\u00f1a)<\/p>\n<p><strong>Umsatzsteueridentifikationsnummer: <\/strong>DE279081383<\/p>\n<p><a href=\"http:\/\/www.brak.de\/seiten\/06.php\">Berufsrechtliche Regelungen<\/a>:<\/p>\n<p><strong>In Deutschland: <\/strong><\/p>\n<p>Bundesrechtsanwaltsordnung <a href=\"http:\/\/www.brak.de\/seiten\/06.php\">BRAO<\/a><br \/>\nBerufsordnung der Rechtsanw\u00e4lte <a href=\"http:\/\/www.brak.de\/seiten\/06.php\">BORA<\/a><br \/>\nRechtsanwaltsverg\u00fctungsgesetz <a href=\"http:\/\/www.brak.de\/seiten\/06.php\">RVG<\/a><br \/>\nBerufsregeln der Rechtsanw\u00e4lte der Europ\u00e4ischen Union <a href=\"http:\/\/www.brak.de\/w\/files\/02_fuer_anwaelte\/Berufsregeln_Mai%202006_090615.pdf\">CCBE-Berufsregeln<\/a><\/p>\n<p><a href=\"http:\/\/www.brak.de\/fuer-anwaelte\/berufsrecht\/\" target=\"_blank\" rel=\"noopener noreferrer\">Berufsrechtliche Erg\u00e4nzungen<\/a> zum Geldw\u00e4schebek\u00e4mpfungsgesetz (GwG)<\/p>\n<p><a href=\"http:\/\/www.brak.de\/fuer-anwaelte\/berufsrecht\/\" target=\"_blank\" rel=\"noopener noreferrer\">Verordnung<\/a> \u00fcber die Rechtsanwaltsverzeichnisse und die besonderen elektronischen Anwaltspostf\u00e4cher<\/p>\n<p>Gesetz \u00fcber die T\u00e4tigkeit europ\u00e4ischer Rechtsanw\u00e4lte in Deutschland <a href=\"http:\/\/www.gesetze-im-internet.de\/eurag\/index.htm\">EuRAG<\/a><\/p>\n<p><strong>In Spanien: <\/strong><\/p>\n<p><a href=\"http:\/\/www.cgae.es\/portalCGAE\/printPortal.do?urlPagina=\/S001012002\/1170419547743_es_ES.html\">Estatuto General de la Abogac\u00eda<\/a><\/p>\n<p><a href=\"http:\/\/www.cgae.es\/portalCGAE\/printPortal.do?urlPagina=\/S001012002\/1170955793512_es_ES.html\">C\u00f3digo Deontol\u00f3gico<\/a><\/p>\n<p><strong>Inhaltlich Verantwortlicher:<\/strong> Segundo Ler\u00eda Alix \u00a0(Anschrift wie oben)<\/p>\n<p><strong>Berufshaftpflichtversicherung:<\/strong> Ergo Versicherung AG, Victoriaplatz 1, 40477 D\u00fcsseldorf<\/p>\n<p><strong>Geltungsbereich:<\/strong> Deutschland sowie EU-Gebiet<\/p>\n<p><strong>Au\u00dfergerichtliche Online-Streitbeilegung<\/strong>:<\/p>\n<p><a class=\"external-link-new-window\" href=\"http:\/\/ec.europa.eu\/consumers\/odr\/\" target=\"_blank\" rel=\"noopener noreferrer\"><b>Plattform der EU zur au\u00dfergerichtlichen Online-Streitbeilegung<\/b><\/a><\/p>\n<p>Die Anwaltskanzlei LERIA nimmt nicht teil an einem Streitbeilegungsverfahren vor einer Verbraucherschlichtungsstelle.<\/p>\n<p><strong>HAFTUNGSHINWEIS:<\/strong><\/p>\n<p>Mit dieser Website stellt Ihnen Abogado Segundo Ler\u00eda Alix seine anwaltlichen T\u00e4tigkeitsbereiche vor. Es wird darauf hingewiesen, dass die ver\u00f6ffentlichten Informationen keine Rechtsberatung darstellen. Diese Rechtsausk\u00fcnfte k\u00f6nnen eine Rechtsberatung auch nicht ersetzen.<\/p>\n<p>Es wird insbesondere\u00a0keine Gew\u00e4hr f\u00fcr die Richtigkeit, Vollst\u00e4ndigkeit und Aktualit\u00e4t der Informationen und Urteile, die unter www.abogado-berlin.de bereitgestellt werden.<\/p>\n<p>Trotz sorgf\u00e4ltiger inhaltlicher Kontrolle \u00fcbernimmt Abogado \/ Mediator Segundo Ler\u00eda Alix auch keine Haftung f\u00fcr die Inhalte externer\u00a0Websites, auf die diese Website direkt oder indirekt verweist.\u00a0F\u00fcr den Inhalt der verlinkten Seiten sind ausschlie\u00dflich deren Betreiber verantwortlich.<\/p>\n<p><strong>Urheberrechtliche Hinweise: <\/strong><\/p>\n<p>Foto von Segundo Ler\u00eda Alix: Flatworldphoto<\/p>\n","protected":false},"excerpt":{"rendered":"<p>Anbieter der Website www.abogado-berlin.de ist die Anwaltskanzlei LERIA in Berlin, Inh. Segundo Ler\u00eda Alix Anwaltskanzlei LERIA Abogado Segundo Ler\u00eda Alix Dircksenstr. 52 D-10178 Berlin-Mitte www.abogado-berlin.de Tel.: 0049 30 23 98 78 44 Fax: 030 \u2013 311 698 598 E-Mail: leria(at)spanischer-anwalt-leria.de Bei einer unverschl\u00fcsselten Kommunikation per E-Mail sind die \u00fcbermittelten Daten dem Risiko einer nicht vollst\u00e4ndig [&hellip;]<\/p>\n","protected":false},"author":1,"featured_media":0,"parent":0,"menu_order":0,"comment_status":"closed","ping_status":"closed","template":"","meta":{"footnotes":""},"class_list":["post-11","page","type-page","status-publish","hentry"],"_links":{"self":[{"href":"https:\/\/www.lerialegal.de\/wordpress\/wp-json\/wp\/v2\/pages\/11","targetHints":{"allow":["GET"]}}],"collection":[{"href":"https:\/\/www.lerialegal.de\/wordpress\/wp-json\/wp\/v2\/pages"}],"about":[{"href":"https:\/\/www.lerialegal.de\/wordpress\/wp-json\/wp\/v2\/types\/page"}],"author":[{"embeddable":true,"href":"https:\/\/www.lerialegal.de\/wordpress\/wp-json\/wp\/v2\/users\/1"}],"replies":[{"embeddable":true,"href":"https:\/\/www.lerialegal.de\/wordpress\/wp-json\/wp\/v2\/comments?post=11"}],"version-history":[{"count":9,"href":"https:\/\/www.lerialegal.de\/wordpress\/wp-json\/wp\/v2\/pages\/11\/revisions"}],"predecessor-version":[{"id":141,"href":"https:\/\/www.lerialegal.de\/wordpress\/wp-json\/wp\/v2\/pages\/11\/revisions\/141"}],"wp:attachment":[{"href":"https:\/\/www.lerialegal.de\/wordpress\/wp-json\/wp\/v2\/media?parent=11"}],"curies":[{"name":"wp","href":"https:\/\/api.w.org\/{rel}","templated":true}]}}